{"id":90,"date":"2024-02-13T14:33:32","date_gmt":"2024-02-13T13:33:32","guid":{"rendered":"https:\/\/www.psykologresurs.com\/?page_id=90"},"modified":"2024-06-07T08:16:54","modified_gmt":"2024-06-07T06:16:54","slug":"home","status":"publish","type":"page","link":"https:\/\/www.psykologresurs.com\/es\/","title":{"rendered":"Inicio"},"content":{"rendered":"\n<div class=\"wp-block-group alignfull has-accent-background-color has-background has-global-padding is-layout-constrained wp-block-group-is-layout-constrained\" style=\"margin-top:0;margin-bottom:0;padding-top:var(--wp--preset--spacing--50);padding-right:var(--wp--preset--spacing--50);padding-bottom:var(--wp--preset--spacing--50);padding-left:var(--wp--preset--spacing--50)\">\n<div class=\"wp-block-columns alignwide is-layout-flex wp-container-core-columns-layout-1 wp-block-columns-is-layout-flex\">\n<div class=\"wp-block-column is-vertically-aligned-stretch is-layout-flow wp-block-column-is-layout-flow\" style=\"flex-basis:50%\">\n<div class=\"wp-block-group is-vertical is-content-justification-stretch is-layout-flex wp-container-core-group-layout-2 wp-block-group-is-layout-flex\" style=\"min-height:100%\">\n<p class=\"has-body-font-family has-large-font-size\" style=\"line-height:1.2\">\u00c9tudes offers comprehensive consulting, management, design, and research solutions. Every architectural endeavor i to big letters <\/p>\n\n\n\n<div class=\"wp-block-group has-global-padding is-content-justification-left is-layout-constrained wp-container-core-group-layout-1 wp-block-group-is-layout-constrained\">\n<div class=\"wp-block-buttons is-layout-flex wp-block-buttons-is-layout-flex\"><\/div>\n<\/div>\n<\/div>\n<\/div>\n\n\n\n<div class=\"wp-block-column is-vertically-aligned-center is-layout-flow wp-block-column-is-layout-flow\" style=\"flex-basis:50%\">\n<figure class=\"wp-block-image size-large is-style-rounded\"><img loading=\"lazy\" decoding=\"async\" width=\"1024\" height=\"670\" src=\"https:\/\/www.psykologresurs.com\/wp-content\/uploads\/2024\/06\/screen_2x-1024x670.webp\" alt=\"\" class=\"wp-image-302\" style=\"aspect-ratio:3\/4;object-fit:cover\" srcset=\"https:\/\/www.psykologresurs.com\/wp-content\/uploads\/2024\/06\/screen_2x-1024x670.webp 1024w, https:\/\/www.psykologresurs.com\/wp-content\/uploads\/2024\/06\/screen_2x-300x196.webp 300w, https:\/\/www.psykologresurs.com\/wp-content\/uploads\/2024\/06\/screen_2x-768x503.webp 768w, https:\/\/www.psykologresurs.com\/wp-content\/uploads\/2024\/06\/screen_2x-1536x1005.webp 1536w, https:\/\/www.psykologresurs.com\/wp-content\/uploads\/2024\/06\/screen_2x-18x12.webp 18w, https:\/\/www.psykologresurs.com\/wp-content\/uploads\/2024\/06\/screen_2x.webp 1600w\" sizes=\"(max-width: 1024px) 100vw, 1024px\" \/><\/figure>\n<\/div>\n<\/div>\n<\/div>\n\n\n\n<div class=\"wp-block-group alignfull has-base-background-color has-background has-global-padding is-layout-constrained wp-block-group-is-layout-constrained\" id=\"about\" style=\"margin-top:0;margin-bottom:0;padding-top:var(--wp--preset--spacing--50);padding-right:var(--wp--preset--spacing--50);padding-bottom:var(--wp--preset--spacing--50);padding-left:var(--wp--preset--spacing--50)\">\n<div class=\"wp-block-columns alignwide is-layout-flex wp-container-core-columns-layout-2 wp-block-columns-is-layout-flex\">\n<div class=\"wp-block-column has-global-padding is-content-justification-left is-layout-constrained wp-container-core-column-layout-3 wp-block-column-is-layout-constrained\" style=\"flex-basis:40%\">\n<p class=\"has-x-large-font-size\"><strong>About <\/strong><\/p>\n<\/div>\n<\/div>\n\n\n\n<p style=\"font-size:clamp(1.25rem, 1.25rem + ((1vw - 0.2rem) * 1.25), 2rem);\">texting <\/p>\n<\/div>\n\n\n\n<div class=\"wp-block-group alignfull has-accent-5-background-color has-background has-global-padding is-layout-constrained wp-block-group-is-layout-constrained\" style=\"margin-top:0;margin-bottom:0;padding-top:var(--wp--preset--spacing--50);padding-right:var(--wp--preset--spacing--50);padding-bottom:var(--wp--preset--spacing--50);padding-left:var(--wp--preset--spacing--50)\">\n<div class=\"wp-block-columns alignwide is-layout-flex wp-container-core-columns-layout-3 wp-block-columns-is-layout-flex\">\n<div class=\"wp-block-column is-vertically-aligned-center is-layout-flow wp-block-column-is-layout-flow\" style=\"flex-basis:60%\">\n<figure class=\"wp-block-image size-full is-style-rounded wp-duotone-unset-1\"><img loading=\"lazy\" decoding=\"async\" width=\"1600\" height=\"933\" src=\"https:\/\/www.psykologresurs.com\/wp-content\/uploads\/2024\/06\/s2.webp\" alt=\"\" class=\"wp-image-315\" style=\"aspect-ratio:4\/3;object-fit:cover\" srcset=\"https:\/\/www.psykologresurs.com\/wp-content\/uploads\/2024\/06\/s2.webp 1600w, https:\/\/www.psykologresurs.com\/wp-content\/uploads\/2024\/06\/s2-300x175.webp 300w, https:\/\/www.psykologresurs.com\/wp-content\/uploads\/2024\/06\/s2-1024x597.webp 1024w, https:\/\/www.psykologresurs.com\/wp-content\/uploads\/2024\/06\/s2-768x448.webp 768w, https:\/\/www.psykologresurs.com\/wp-content\/uploads\/2024\/06\/s2-1536x896.webp 1536w, https:\/\/www.psykologresurs.com\/wp-content\/uploads\/2024\/06\/s2-18x10.webp 18w\" sizes=\"(max-width: 1600px) 100vw, 1600px\" \/><\/figure>\n<\/div>\n\n\n\n<div class=\"wp-block-column is-layout-flow wp-block-column-is-layout-flow\" style=\"flex-basis:40%\">\n<h2 class=\"wp-block-heading has-large-font-size\">Guiding your business through the project<\/h2>\n\n\n\n<p style=\"font-size:clamp(1.25rem, 1.25rem + ((1vw - 0.2rem) * 1.25), 2rem);\">texting to small<\/p>\n\n\n\n<div class=\"wp-block-buttons is-layout-flex wp-block-buttons-is-layout-flex\"><\/div>\n<\/div>\n<\/div>\n<\/div>\n\n\n\n<h2 class=\"wp-block-heading has-text-align-center inter has-xx-large-font-size\" id=\"contact\">Contact <\/h2>\n\n\n\n<div class=\"wp-block-columns alignwide is-layout-flex wp-container-core-columns-layout-4 wp-block-columns-is-layout-flex\">\n<div class=\"wp-block-column is-layout-flow wp-block-column-is-layout-flow\"><style id=\"wpforms-css-vars-root\">\n\t\t\t\t:root {\n\t\t\t\t\t--wpforms-field-border-radius: 3px;\n--wpforms-field-background-color: #ffffff;\n--wpforms-field-border-color: rgba( 0, 0, 0, 0.25 );\n--wpforms-field-text-color: rgba( 0, 0, 0, 0.7 );\n--wpforms-label-color: rgba( 0, 0, 0, 0.85 );\n--wpforms-label-sublabel-color: rgba( 0, 0, 0, 0.55 );\n--wpforms-label-error-color: #d63637;\n--wpforms-button-border-radius: 3px;\n--wpforms-button-background-color: #066aab;\n--wpforms-button-text-color: #ffffff;\n--wpforms-field-size-input-height: 43px;\n--wpforms-field-size-input-spacing: 15px;\n--wpforms-field-size-font-size: 16px;\n--wpforms-field-size-line-height: 19px;\n--wpforms-field-size-padding-h: 14px;\n--wpforms-field-size-checkbox-size: 16px;\n--wpforms-field-size-sublabel-spacing: 5px;\n--wpforms-field-size-icon-size: 1;\n--wpforms-label-size-font-size: 16px;\n--wpforms-label-size-line-height: 19px;\n--wpforms-label-size-sublabel-font-size: 14px;\n--wpforms-label-size-sublabel-line-height: 17px;\n--wpforms-button-size-font-size: 17px;\n--wpforms-button-size-height: 41px;\n--wpforms-button-size-padding-h: 15px;\n--wpforms-button-size-margin-top: 10px;\n\n\t\t\t\t}\n\t\t\t<\/style><div class=\"wpforms-container wpforms-container-full wpforms-block wpforms-block-390af913-70c3-4763-882d-2360983d4901 wpforms-render-modern\" id=\"wpforms-118\"><form id=\"wpforms-form-118\" class=\"wpforms-validate wpforms-form wpforms-ajax-form\" data-formid=\"118\" method=\"post\" enctype=\"multipart\/form-data\" action=\"\/es\/wp-json\/wp\/v2\/pages\/90\" data-token=\"2e3f979ea694dedf9559ed7d626cd23d\"><noscript class=\"wpforms-error-noscript\">Por favor, activa JavaScript en tu navegador para completar este formulario.<\/noscript><div class=\"wpforms-hidden\" id=\"wpforms-error-noscript\">Por favor, activa JavaScript en tu navegador para completar este formulario.<\/div><div class=\"wpforms-field-container\"><div id=\"wpforms-118-field_0-container\" class=\"wpforms-field wpforms-field-name\" data-field-id=\"0\"><fieldset><legend class=\"wpforms-field-label\">Name <span class=\"wpforms-required-label\" aria-hidden=\"true\">*<\/span><\/legend><div class=\"wpforms-field-row wpforms-field-medium\"><div class=\"wpforms-field-row-block wpforms-first wpforms-one-half\"><input type=\"text\" id=\"wpforms-118-field_0\" class=\"wpforms-field-name-first wpforms-field-required\" name=\"wpforms[fields][0][first]\" aria-errormessage=\"wpforms-118-field_0-error\" required><label for=\"wpforms-118-field_0\" class=\"wpforms-field-sublabel after \">Nombre<\/label><\/div><div class=\"wpforms-field-row-block wpforms-one-half\"><input type=\"text\" id=\"wpforms-118-field_0-last\" class=\"wpforms-field-name-last wpforms-field-required\" name=\"wpforms[fields][0][last]\" aria-errormessage=\"wpforms-118-field_0-last-error\" required><label for=\"wpforms-118-field_0-last\" class=\"wpforms-field-sublabel after \">Apellidos<\/label><\/div><\/div><\/fieldset><\/div><div id=\"wpforms-118-field_1-container\" class=\"wpforms-field wpforms-field-email\" data-field-id=\"1\"><label class=\"wpforms-field-label\" for=\"wpforms-118-field_1\">Email <span class=\"wpforms-required-label\" aria-hidden=\"true\">*<\/span><\/label><input type=\"email\" id=\"wpforms-118-field_1\" class=\"wpforms-field-medium wpforms-field-required\" name=\"wpforms[fields][1]\" spellcheck=\"false\" aria-errormessage=\"wpforms-118-field_1-error\" required><\/div><div id=\"wpforms-118-field_2-container\" class=\"wpforms-field wpforms-field-textarea\" data-field-id=\"2\"><label class=\"wpforms-field-label\" for=\"wpforms-118-field_2\">Message <span class=\"wpforms-required-label\" aria-hidden=\"true\">*<\/span><\/label><textarea id=\"wpforms-118-field_2\" class=\"wpforms-field-medium wpforms-field-required\" name=\"wpforms[fields][2]\" aria-errormessage=\"wpforms-118-field_2-error\" required><\/textarea><\/div><\/div><!-- .wpforms-field-container --><div class=\"wpforms-submit-container\" ><input type=\"hidden\" name=\"wpforms[id]\" value=\"118\"><input type=\"hidden\" name=\"wpforms[author]\" value=\"1\"><button type=\"submit\" name=\"wpforms[submit]\" id=\"wpforms-submit-118\" class=\"wpforms-submit\" data-alt-text=\"Sending...\" data-submit-text=\"Submit\" aria-live=\"assertive\" value=\"wpforms-submit\">Submit<\/button><img loading=\"lazy\" decoding=\"async\" src=\"https:\/\/www.psykologresurs.com\/wp-content\/plugins\/wpforms-lite\/assets\/images\/submit-spin.svg\" class=\"wpforms-submit-spinner\" style=\"display: none;\" width=\"26\" height=\"26\" alt=\"Cargando\"><\/div><\/form><\/div>  <!-- .wpforms-container --><\/div>\n\n\n\n<div class=\"wp-block-column is-vertically-aligned-center is-layout-flow wp-block-column-is-layout-flow\">\n<div class=\"wp-block-group has-global-padding is-content-justification-right is-layout-constrained wp-container-core-group-layout-7 wp-block-group-is-layout-constrained\">\n<figure class=\"wp-block-image size-full is-resized is-style-rounded\"><img loading=\"lazy\" decoding=\"async\" width=\"1278\" height=\"2154\" src=\"https:\/\/www.psykologresurs.com\/wp-content\/uploads\/2024\/06\/unnamed-e1717577398159.jpg\" alt=\"\" class=\"wp-image-306\" style=\"object-fit:cover;width:281px;height:368px\" srcset=\"https:\/\/www.psykologresurs.com\/wp-content\/uploads\/2024\/06\/unnamed-e1717577398159.jpg 1278w, https:\/\/www.psykologresurs.com\/wp-content\/uploads\/2024\/06\/unnamed-e1717577398159-178x300.jpg 178w, https:\/\/www.psykologresurs.com\/wp-content\/uploads\/2024\/06\/unnamed-e1717577398159-608x1024.jpg 608w, https:\/\/www.psykologresurs.com\/wp-content\/uploads\/2024\/06\/unnamed-e1717577398159-768x1294.jpg 768w, https:\/\/www.psykologresurs.com\/wp-content\/uploads\/2024\/06\/unnamed-e1717577398159-911x1536.jpg 911w, https:\/\/www.psykologresurs.com\/wp-content\/uploads\/2024\/06\/unnamed-e1717577398159-1215x2048.jpg 1215w, https:\/\/www.psykologresurs.com\/wp-content\/uploads\/2024\/06\/unnamed-e1717577398159-7x12.jpg 7w\" sizes=\"(max-width: 1278px) 100vw, 1278px\" \/><\/figure>\n\n\n\n<div class=\"wp-block-group is-vertical is-content-justification-center is-nowrap is-layout-flex wp-container-core-group-layout-6 wp-block-group-is-layout-flex\">\n<p class=\"has-text-align-center has-small-font-size\"><strong>Annika Martinsson <\/strong><\/p>\n\n\n\n<p class=\"has-text-align-center has-small-font-size\">Leg.Psykolog.Lic .Psykolog Klinisk Psykologi och h\u00e4lsa . EuroPsy Klinisk psykologi <\/p>\n<\/div>\n<\/div>\n<\/div>\n<\/div>\n\n\n\n<div class=\"wp-block-group alignfull has-global-padding is-layout-constrained wp-block-group-is-layout-constrained\" style=\"margin-top:0;margin-bottom:0;padding-top:var(--wp--preset--spacing--50);padding-right:var(--wp--preset--spacing--50);padding-bottom:var(--wp--preset--spacing--50);padding-left:var(--wp--preset--spacing--50)\">\n<h4 class=\"wp-block-heading has-text-align-center\"><strong>Kontakt<\/strong><br>Annedalsv\u00e4gen 9A<br>SE 22764, Lund<br>+46 73-364 07 64<br><a href=\"mailto:annika.martinson@psykologresurs.com\">annika.martinsson@psykologresurs.com<\/a><\/h4>\n<\/div>\n","protected":false},"excerpt":{"rendered":"<p>\u00c9tudes ofrece soluciones integrales de consultor\u00eda, gesti\u00f3n, dise\u00f1o e investigaci\u00f3n. Cada esfuerzo arquitect\u00f3nico i a letras grandes Sobre texting Guiding your business through the project texting to small Contacto Annika Martinsson Leg.Psykolog.Lic .Psykolog Klinisk Psykologi och h\u00e4lsa . EuroPsy Klinisk psykologi KontaktAnnedalsv\u00e4gen 9ASE 22764, Lund+46 73-364 07 64annika.martinsson@psykologresurs.com<\/p>","protected":false},"author":1,"featured_media":0,"parent":0,"menu_order":0,"comment_status":"closed","ping_status":"closed","template":"","meta":{"_monsterinsights_skip_tracking":false,"_monsterinsights_sitenote_active":false,"_monsterinsights_sitenote_note":"","_monsterinsights_sitenote_category":0,"footnotes":""},"yoast_head":"<!-- This site is optimized with the Yoast SEO plugin v22.0 - https:\/\/yoast.com\/wordpress\/plugins\/seo\/ -->\n<title>Home - Psykologresurs<\/title>\n<meta name=\"robots\" content=\"index, follow, max-snippet:-1, max-image-preview:large, max-video-preview:-1\" \/>\n<link rel=\"canonical\" href=\"https:\/\/www.psykologresurs.com\/es\/\" \/>\n<meta property=\"og:locale\" content=\"es_ES\" \/>\n<meta property=\"og:type\" content=\"article\" \/>\n<meta property=\"og:title\" content=\"Home - Psykologresurs\" \/>\n<meta property=\"og:description\" content=\"\u00c9tudes offers comprehensive consulting, management, design, and research solutions. Every architectural endeavor i to big letters About texting Guiding your business through the project texting to small Contact Annika Martinsson Leg.Psykolog.Lic .Psykolog Klinisk Psykologi och h\u00e4lsa . EuroPsy Klinisk psykologi KontaktAnnedalsv\u00e4gen 9ASE 22764, Lund+46 73-364 07 64annika.martinsson@psykologresurs.com\" \/>\n<meta property=\"og:url\" content=\"https:\/\/www.psykologresurs.com\/es\/\" \/>\n<meta property=\"og:site_name\" content=\"Psykologresurs\" \/>\n<meta property=\"article:modified_time\" content=\"2024-06-07T06:16:54+00:00\" \/>\n<meta property=\"og:image\" content=\"https:\/\/www.psykologresurs.com\/wp-content\/uploads\/2024\/06\/screen_2x-1024x670.webp\" \/>\n<meta name=\"twitter:card\" content=\"summary_large_image\" \/>\n<meta name=\"twitter:label1\" content=\"Tiempo de lectura\" \/>\n\t<meta name=\"twitter:data1\" content=\"1 minuto\" \/>\n<script type=\"application\/ld+json\" class=\"yoast-schema-graph\">{\"@context\":\"https:\/\/schema.org\",\"@graph\":[{\"@type\":\"WebPage\",\"@id\":\"https:\/\/www.psykologresurs.com\/\",\"url\":\"https:\/\/www.psykologresurs.com\/\",\"name\":\"Home - Psykologresurs\",\"isPartOf\":{\"@id\":\"https:\/\/www.psykologresurs.com\/#website\"},\"datePublished\":\"2024-02-13T13:33:32+00:00\",\"dateModified\":\"2024-06-07T06:16:54+00:00\",\"breadcrumb\":{\"@id\":\"https:\/\/www.psykologresurs.com\/#breadcrumb\"},\"inLanguage\":\"es\",\"potentialAction\":[{\"@type\":\"ReadAction\",\"target\":[\"https:\/\/www.psykologresurs.com\/\"]}]},{\"@type\":\"BreadcrumbList\",\"@id\":\"https:\/\/www.psykologresurs.com\/#breadcrumb\",\"itemListElement\":[{\"@type\":\"ListItem\",\"position\":1,\"name\":\"Home\",\"item\":\"https:\/\/www.psykologresurs.com\/\"},{\"@type\":\"ListItem\",\"position\":2,\"name\":\"Home\"}]},{\"@type\":\"WebSite\",\"@id\":\"https:\/\/www.psykologresurs.com\/#website\",\"url\":\"https:\/\/www.psykologresurs.com\/\",\"name\":\"Psykologresurs\",\"description\":\"Psykologresurs - Lund\",\"publisher\":{\"@id\":\"https:\/\/www.psykologresurs.com\/#organization\"},\"potentialAction\":[{\"@type\":\"SearchAction\",\"target\":{\"@type\":\"EntryPoint\",\"urlTemplate\":\"https:\/\/www.psykologresurs.com\/?s={search_term_string}\"},\"query-input\":\"required name=search_term_string\"}],\"inLanguage\":\"es\"},{\"@type\":\"Organization\",\"@id\":\"https:\/\/www.psykologresurs.com\/#organization\",\"name\":\"Psykologresurs\",\"url\":\"https:\/\/www.psykologresurs.com\/\",\"logo\":{\"@type\":\"ImageObject\",\"inLanguage\":\"es\",\"@id\":\"https:\/\/www.psykologresurs.com\/#\/schema\/logo\/image\/\",\"url\":\"https:\/\/www.psykologresurs.com\/wp-content\/uploads\/2024\/02\/cropped-Psykologresurs-Ljus-Bakrund2.png\",\"contentUrl\":\"https:\/\/www.psykologresurs.com\/wp-content\/uploads\/2024\/02\/cropped-Psykologresurs-Ljus-Bakrund2.png\",\"width\":512,\"height\":512,\"caption\":\"Psykologresurs\"},\"image\":{\"@id\":\"https:\/\/www.psykologresurs.com\/#\/schema\/logo\/image\/\"}}]}<\/script>\n<!-- \/ Yoast SEO plugin. -->","yoast_head_json":{"title":"Inicio - Psykologresurs","robots":{"index":"index","follow":"follow","max-snippet":"max-snippet:-1","max-image-preview":"max-image-preview:large","max-video-preview":"max-video-preview:-1"},"canonical":"https:\/\/www.psykologresurs.com\/es\/","og_locale":"es_ES","og_type":"article","og_title":"Home - Psykologresurs","og_description":"\u00c9tudes offers comprehensive consulting, management, design, and research solutions. Every architectural endeavor i to big letters About texting Guiding your business through the project texting to small Contact Annika Martinsson Leg.Psykolog.Lic .Psykolog Klinisk Psykologi och h\u00e4lsa . EuroPsy Klinisk psykologi KontaktAnnedalsv\u00e4gen 9ASE 22764, Lund+46 73-364 07 64annika.martinsson@psykologresurs.com","og_url":"https:\/\/www.psykologresurs.com\/es\/","og_site_name":"Psykologresurs","article_modified_time":"2024-06-07T06:16:54+00:00","og_image":[{"url":"https:\/\/www.psykologresurs.com\/wp-content\/uploads\/2024\/06\/screen_2x-1024x670.webp"}],"twitter_card":"summary_large_image","twitter_misc":{"Tiempo de lectura":"1 minuto"},"schema":{"@context":"https:\/\/schema.org","@graph":[{"@type":"WebPage","@id":"https:\/\/www.psykologresurs.com\/","url":"https:\/\/www.psykologresurs.com\/","name":"Inicio - Psykologresurs","isPartOf":{"@id":"https:\/\/www.psykologresurs.com\/#website"},"datePublished":"2024-02-13T13:33:32+00:00","dateModified":"2024-06-07T06:16:54+00:00","breadcrumb":{"@id":"https:\/\/www.psykologresurs.com\/#breadcrumb"},"inLanguage":"es","potentialAction":[{"@type":"ReadAction","target":["https:\/\/www.psykologresurs.com\/"]}]},{"@type":"BreadcrumbList","@id":"https:\/\/www.psykologresurs.com\/#breadcrumb","itemListElement":[{"@type":"ListItem","position":1,"name":"Home","item":"https:\/\/www.psykologresurs.com\/"},{"@type":"ListItem","position":2,"name":"Home"}]},{"@type":"WebSite","@id":"https:\/\/www.psykologresurs.com\/#website","url":"https:\/\/www.psykologresurs.com\/","name":"Psic\u00f3logos","description":"Psykologresurs - Lund","publisher":{"@id":"https:\/\/www.psykologresurs.com\/#organization"},"potentialAction":[{"@type":"SearchAction","target":{"@type":"EntryPoint","urlTemplate":"https:\/\/www.psykologresurs.com\/?s={search_term_string}"},"query-input":"required name=search_term_string"}],"inLanguage":"es"},{"@type":"Organization","@id":"https:\/\/www.psykologresurs.com\/#organization","name":"Psic\u00f3logos","url":"https:\/\/www.psykologresurs.com\/","logo":{"@type":"ImageObject","inLanguage":"es","@id":"https:\/\/www.psykologresurs.com\/#\/schema\/logo\/image\/","url":"https:\/\/www.psykologresurs.com\/wp-content\/uploads\/2024\/02\/cropped-Psykologresurs-Ljus-Bakrund2.png","contentUrl":"https:\/\/www.psykologresurs.com\/wp-content\/uploads\/2024\/02\/cropped-Psykologresurs-Ljus-Bakrund2.png","width":512,"height":512,"caption":"Psykologresurs"},"image":{"@id":"https:\/\/www.psykologresurs.com\/#\/schema\/logo\/image\/"}}]}},"_links":{"self":[{"href":"https:\/\/www.psykologresurs.com\/es\/wp-json\/wp\/v2\/pages\/90"}],"collection":[{"href":"https:\/\/www.psykologresurs.com\/es\/wp-json\/wp\/v2\/pages"}],"about":[{"href":"https:\/\/www.psykologresurs.com\/es\/wp-json\/wp\/v2\/types\/page"}],"author":[{"embeddable":true,"href":"https:\/\/www.psykologresurs.com\/es\/wp-json\/wp\/v2\/users\/1"}],"replies":[{"embeddable":true,"href":"https:\/\/www.psykologresurs.com\/es\/wp-json\/wp\/v2\/comments?post=90"}],"version-history":[{"count":6,"href":"https:\/\/www.psykologresurs.com\/es\/wp-json\/wp\/v2\/pages\/90\/revisions"}],"predecessor-version":[{"id":327,"href":"https:\/\/www.psykologresurs.com\/es\/wp-json\/wp\/v2\/pages\/90\/revisions\/327"}],"wp:attachment":[{"href":"https:\/\/www.psykologresurs.com\/es\/wp-json\/wp\/v2\/media?parent=90"}],"curies":[{"name":"wp","href":"https:\/\/api.w.org\/{rel}","templated":true}]}}